{"id":200,"date":"2026-03-10T15:49:00","date_gmt":"2026-03-10T15:49:00","guid":{"rendered":"https:\/\/op-bertok.si\/?page_id=200"},"modified":"2026-03-12T14:25:37","modified_gmt":"2026-03-12T14:25:37","slug":"200-2","status":"publish","type":"page","link":"https:\/\/op-bertok.si\/?page_id=200","title":{"rendered":"O meni"},"content":{"rendered":"<p>[et_pb_section fb_built=&#8221;1&#8243; _builder_version=&#8221;4.17.3&#8243; _module_preset=&#8221;default&#8221; use_background_color_gradient=&#8221;on&#8221; background_color_gradient_stops=&#8221;rgba(0,0,0,0.61) 2%|rgba(0,0,0,0.38) 100%&#8221; background_color_gradient_overlays_image=&#8221;on&#8221; background_image=&#8221;https:\/\/op-bertok.si\/wp-content\/uploads\/2023\/06\/kaboompics_Dark-mood-aesthetics-furniture-black-wall-5-1.jpg&#8221; custom_padding=&#8221;7%||7%||false|false&#8221; global_colors_info=&#8221;{}&#8221;][et_pb_row _builder_version=&#8221;4.17.3&#8243; _module_preset=&#8221;default&#8221; global_colors_info=&#8221;{}&#8221;][et_pb_column type=&#8221;4_4&#8243; _builder_version=&#8221;4.17.3&#8243; _module_preset=&#8221;default&#8221; global_colors_info=&#8221;{}&#8221;][\/et_pb_column][\/et_pb_row][\/et_pb_section][et_pb_section fb_built=&#8221;1&#8243; custom_padding_last_edited=&#8221;on|phone&#8221; _builder_version=&#8221;4.17.3&#8243; _module_preset=&#8221;default&#8221; custom_padding=&#8221;5%||5%||false|false&#8221; custom_padding_tablet=&#8221;5%||5%||false|false&#8221; custom_padding_phone=&#8221;5%||5%||false|false&#8221; locked=&#8221;off&#8221; global_colors_info=&#8221;{}&#8221;][et_pb_row _builder_version=&#8221;4.17.3&#8243; _module_preset=&#8221;default&#8221; max_width=&#8221;900px&#8221; custom_padding=&#8221;0px|||||&#8221; animation_style=&#8221;fade&#8221; global_colors_info=&#8221;{}&#8221;][et_pb_column type=&#8221;4_4&#8243; _builder_version=&#8221;4.17.3&#8243; _module_preset=&#8221;default&#8221; global_colors_info=&#8221;{}&#8221;][et_pb_text _builder_version=&#8221;4.17.3&#8243; _module_preset=&#8221;default&#8221; text_font_size=&#8221;18px&#8221; text_line_height=&#8221;1.6em&#8221; header_font=&#8221;DM Serif Display||||||||&#8221; header_font_size=&#8221;60px&#8221; header_line_height=&#8221;1.1em&#8221; header_2_font=&#8221;Vidaloka||||||||&#8221; header_2_text_color=&#8221;#000000&#8243; header_2_font_size=&#8221;46px&#8221; header_3_font=&#8221;Oswald|||on|||||&#8221; header_3_font_size=&#8221;24px&#8221; header_3_letter_spacing=&#8221;2px&#8221; header_3_line_height=&#8221;1.3em&#8221; text_orientation=&#8221;center&#8221; custom_margin=&#8221;||||false|false&#8221; custom_padding=&#8221;||0px|||&#8221; text_font_size_tablet=&#8221;18px&#8221; text_font_size_phone=&#8221;16px&#8221; text_font_size_last_edited=&#8221;on|phone&#8221; header_font_size_tablet=&#8221;60px&#8221; header_font_size_phone=&#8221;40px&#8221; header_font_size_last_edited=&#8221;on|phone&#8221; header_2_font_size_tablet=&#8221;46px&#8221; header_2_font_size_phone=&#8221;34px&#8221; header_2_font_size_last_edited=&#8221;on|phone&#8221; header_3_font_size_tablet=&#8221;24px&#8221; header_3_font_size_phone=&#8221;20px&#8221; header_3_font_size_last_edited=&#8221;on|phone&#8221; locked=&#8221;off&#8221; global_colors_info=&#8221;{}&#8221;]<\/p>\n<h2>O meni.<\/h2>\n<p><span><\/span><\/p>\n<p style=\"text-align: justify;\"><em>Kot odvetnica in predsednica nadzornega sveta gospodarske dru\u017ebe zdru\u017eujem pravno strokovnost, razumevanje organizacijskih in poslovnih procesov ter strate\u0161ko upravljavsko perspektivo v celovite re\u0161itve za gospodarske dru\u017ebe in njihove organe vodenja ter nadzora.<\/em><\/p>\n<p>[\/et_pb_text][\/et_pb_column][\/et_pb_row][et_pb_row column_structure=&#8221;1_2,1_2&#8243; make_equal=&#8221;on&#8221; _builder_version=&#8221;4.17.3&#8243; _module_preset=&#8221;default&#8221; animation_style=&#8221;fade&#8221; global_colors_info=&#8221;{}&#8221;][et_pb_column type=&#8221;1_2&#8243; _builder_version=&#8221;4.17.3&#8243; _module_preset=&#8221;default&#8221; custom_css_main_element=&#8221;margin: auto;&#8221; global_colors_info=&#8221;{}&#8221;][et_pb_image src=&#8221;https:\/\/op-bertok.si\/wp-content\/uploads\/2026\/03\/DSCF9152-2_popravljena.jpg&#8221; title_text=&#8221;DSCF9152-2_popravljena&#8221; _builder_version=&#8221;4.27.6&#8243; _module_preset=&#8221;default&#8221; custom_margin_tablet=&#8221;||48px||false|false&#8221; custom_margin_phone=&#8221;||40px||false|false&#8221; custom_margin_last_edited=&#8221;on|tablet&#8221; global_colors_info=&#8221;{}&#8221;][\/et_pb_image][\/et_pb_column][et_pb_column type=&#8221;1_2&#8243; _builder_version=&#8221;4.17.3&#8243; _module_preset=&#8221;default&#8221; custom_css_main_element=&#8221;margin: auto;&#8221; global_colors_info=&#8221;{}&#8221;][et_pb_text _builder_version=&#8221;4.17.3&#8243; _module_preset=&#8221;default&#8221; text_font_size=&#8221;18px&#8221; text_line_height=&#8221;1.6em&#8221; header_font=&#8221;DM Serif Display||||||||&#8221; header_font_size=&#8221;60px&#8221; header_line_height=&#8221;1.1em&#8221; header_2_font=&#8221;Vidaloka||||||||&#8221; header_2_text_color=&#8221;#000000&#8243; header_2_font_size=&#8221;46px&#8221; header_3_font=&#8221;Oswald|||on|||||&#8221; header_3_font_size=&#8221;24px&#8221; header_3_letter_spacing=&#8221;2px&#8221; header_3_line_height=&#8221;1.3em&#8221; min_height=&#8221;332.8px&#8221; custom_margin=&#8221;||||false|false&#8221; text_font_size_tablet=&#8221;18px&#8221; text_font_size_phone=&#8221;16px&#8221; text_font_size_last_edited=&#8221;on|phone&#8221; header_font_size_tablet=&#8221;60px&#8221; header_font_size_phone=&#8221;40px&#8221; header_font_size_last_edited=&#8221;on|phone&#8221; header_2_font_size_tablet=&#8221;46px&#8221; header_2_font_size_phone=&#8221;34px&#8221; header_2_font_size_last_edited=&#8221;on|phone&#8221; header_3_font_size_tablet=&#8221;24px&#8221; header_3_font_size_phone=&#8221;20px&#8221; header_3_font_size_last_edited=&#8221;on|phone&#8221; locked=&#8221;off&#8221; global_colors_info=&#8221;{}&#8221;]<\/p>\n<h2><span>Ma\u0161a Bertok \u017digante.<\/span><\/h2>\n<p><span><\/span><\/p>\n<p style=\"text-align: justify;\"><span>Sem Ma\u0161a Bertok \u017digante, odvetnica, specializirana za delovno in gospodarsko (korporativno) pravo ter predsednica nadzornega sveta dru\u017ebe Veterinarska postaja Ljubljana d.o.o. Pri svojem delu zdru\u017eujem pravno natan\u010dnost, strate\u0161ko razmi\u0161ljanje in razumevanje poslovnih ter organizacijskih procesov.<\/span><\/p>\n<p style=\"text-align: justify;\"><span>Moja poklicna pot je raznolika \u2014 od notariata in ob\u010dinske uprave do odvetni\u0161tva in korporativnega upravljanja. Ta \u0161irina mi omogo\u010da celovit pogled na pravne izzive in sposobnost oblikovanja re\u0161itev, ki so pravno varne, pregledne in dolgoro\u010dno vzdr\u017ene.<\/span><\/p>\n<p>[\/et_pb_text][et_pb_button button_url=&#8221;https:\/\/op-bertok.si\/kontakt\/&#8221; button_text=&#8221;KONTAKTIRAJTE ME&#8221; button_alignment=&#8221;left&#8221; _builder_version=&#8221;4.27.6&#8243; _dynamic_attributes=&#8221;button_url&#8221; _module_preset=&#8221;default&#8221; custom_button=&#8221;on&#8221; button_text_size=&#8221;20px&#8221; button_text_color=&#8221;gcid-4531cc17-8039-4491-81ae-dcb671703b3c&#8221; button_bg_color=&#8221;gcid-83406d47-e40b-4258-8536-21961d4cef25&#8243; button_border_width=&#8221;0px&#8221; button_border_radius=&#8221;0px&#8221; button_letter_spacing=&#8221;2px&#8221; button_font=&#8221;Oswald|||on|||||&#8221; button_use_icon=&#8221;off&#8221; locked=&#8221;off&#8221; global_colors_info=&#8221;{%22gcid-83406d47-e40b-4258-8536-21961d4cef25%22:%91%22button_bg_color%22%93,%22gcid-4531cc17-8039-4491-81ae-dcb671703b3c%22:%91%22button_text_color%22%93}&#8221;][\/et_pb_button][\/et_pb_column][\/et_pb_row][\/et_pb_section][et_pb_section fb_built=&#8221;1&#8243; _builder_version=&#8221;4.17.3&#8243; _module_preset=&#8221;default&#8221; background_color=&#8221;gcid-96adebf7-7807-470a-80f2-a09fbee4abe7&#8243; custom_padding=&#8221;0%||6.9%||false|false&#8221; locked=&#8221;off&#8221; global_colors_info=&#8221;{%22gcid-96adebf7-7807-470a-80f2-a09fbee4abe7%22:%91%22background_color%22%93}&#8221;][et_pb_row _builder_version=&#8221;4.17.3&#8243; _module_preset=&#8221;default&#8221; max_width=&#8221;800px&#8221; global_colors_info=&#8221;{}&#8221;][et_pb_column type=&#8221;4_4&#8243; _builder_version=&#8221;4.17.3&#8243; _module_preset=&#8221;default&#8221; global_colors_info=&#8221;{}&#8221;][et_pb_text _builder_version=&#8221;4.17.3&#8243; _module_preset=&#8221;default&#8221; text_font_size=&#8221;18px&#8221; text_line_height=&#8221;1.6em&#8221; header_font=&#8221;DM Serif Display||||||||&#8221; header_font_size=&#8221;60px&#8221; header_line_height=&#8221;1.1em&#8221; header_2_font=&#8221;Vidaloka||||||||&#8221; header_2_text_color=&#8221;#000000&#8243; header_2_font_size=&#8221;46px&#8221; header_3_font=&#8221;Oswald|||on|||||&#8221; header_3_font_size=&#8221;24px&#8221; header_3_letter_spacing=&#8221;2px&#8221; header_3_line_height=&#8221;1.3em&#8221; text_orientation=&#8221;center&#8221; min_height=&#8221;55px&#8221; custom_margin=&#8221;||||false|false&#8221; custom_padding=&#8221;||0px|||&#8221; text_font_size_tablet=&#8221;18px&#8221; text_font_size_phone=&#8221;16px&#8221; text_font_size_last_edited=&#8221;on|phone&#8221; header_font_size_tablet=&#8221;60px&#8221; header_font_size_phone=&#8221;40px&#8221; header_font_size_last_edited=&#8221;on|phone&#8221; header_2_font_size_tablet=&#8221;46px&#8221; header_2_font_size_phone=&#8221;34px&#8221; header_2_font_size_last_edited=&#8221;on|phone&#8221; header_3_font_size_tablet=&#8221;24px&#8221; header_3_font_size_phone=&#8221;20px&#8221; header_3_font_size_last_edited=&#8221;on|phone&#8221; locked=&#8221;off&#8221; global_colors_info=&#8221;{}&#8221;]<\/p>\n<h2>Moja pot.<\/h2>\n<h3><\/h3>\n<p>[\/et_pb_text][\/et_pb_column][\/et_pb_row][et_pb_row column_structure=&#8221;1_2,1_2&#8243; _builder_version=&#8221;4.17.3&#8243; _module_preset=&#8221;default&#8221; custom_margin=&#8221;-33px|auto||auto||&#8221; global_colors_info=&#8221;{}&#8221;][et_pb_column type=&#8221;1_2&#8243; _builder_version=&#8221;4.17.3&#8243; _module_preset=&#8221;default&#8221; global_colors_info=&#8221;{}&#8221;][et_pb_blurb title=&#8221;Celovit pravni pristop&#8221; use_icon=&#8221;on&#8221; font_icon=&#8221;&#x52;||divi||400&#8243; icon_placement=&#8221;left&#8221; content_max_width=&#8221;1100px&#8221; _builder_version=&#8221;4.27.6&#8243; _module_preset=&#8221;default&#8221; header_font=&#8221;Vidaloka||on||||||&#8221; header_font_size=&#8221;22px&#8221; header_line_height=&#8221;1.4em&#8221; body_font_size=&#8221;18px&#8221; body_line_height=&#8221;1.6em&#8221; text_orientation=&#8221;justified&#8221; width=&#8221;95.3%&#8221; min_height=&#8221;445.6px&#8221; custom_margin=&#8221;-13px||19px|||&#8221; custom_padding=&#8221;||0px|0px||&#8221; body_font_size_tablet=&#8221;18px&#8221; body_font_size_phone=&#8221;16px&#8221; body_font_size_last_edited=&#8221;on|phone&#8221; global_colors_info=&#8221;{}&#8221;]<\/p>\n<p style=\"text-align: justify;\"><span>Ve\u010d kot deset let delujem na podro\u010dju gospodarskega in delovnega prava. Svetujem gospodarskim dru\u017ebam, upravam in nadzornim svetom pri klju\u010dnih pravnih vpra\u0161anjih, urejam delovnopravne sisteme, pripravljam notranje akte, zastopam v postopkih in nudim podporo pri statusnih spremembah.<\/span><\/p>\n<p style=\"text-align: justify;\"><span>Delujem kot samostojna odvetnica in vodim nadzorni svet Veterinarske postaje Ljubljana d.o.o., kjer skrbim za zakonitost poslovanja, preglednost odlo\u010danja in u\u010dinkovito delovanje nadzornega sveta.<\/span><\/p>\n<p><span>Moje izku\u0161nje vklju\u010dujejo:<\/span><\/p>\n<ul>\n<li><span>korporativno upravljanje in skladnost poslovanja,<\/span><\/li>\n<li><span>delovnopravne sisteme in razmerja na vodstvenih ravneh,<\/span><\/li>\n<li><span>statusne spremembe dru\u017eb,<\/span><\/li>\n<li><span>pravno podporo pri strate\u0161kih projektih,<\/span><\/li>\n<li><span>svetovanje organom vodenja in nadzora,&#8230;<\/span><\/li>\n<\/ul>\n<p>[\/et_pb_blurb][et_pb_blurb title=&#8221;Kako delam&#8221; use_icon=&#8221;on&#8221; font_icon=&#8221;&#x52;||divi||400&#8243; icon_placement=&#8221;left&#8221; content_max_width=&#8221;1100px&#8221; _builder_version=&#8221;4.27.6&#8243; _module_preset=&#8221;default&#8221; header_font=&#8221;Vidaloka||on||||||&#8221; header_font_size=&#8221;22px&#8221; body_font_size=&#8221;18px&#8221; body_line_height=&#8221;1.6em&#8221; text_orientation=&#8221;justified&#8221; min_height=&#8221;398.6px&#8221; custom_margin=&#8221;||-11px|-7px|false|false&#8221; custom_padding=&#8221;||0px|11px||&#8221; body_font_size_tablet=&#8221;18px&#8221; body_font_size_phone=&#8221;16px&#8221; body_font_size_last_edited=&#8221;on|phone&#8221; global_colors_info=&#8221;{}&#8221;]<\/p>\n<p><span><strong>Jasno.<\/strong> Kompleksne pravne situacije prevedem v razumljive, izvedljive korake.<\/span><\/p>\n<p><span><strong>Premi\u0161ljeno.<\/strong> Vsak primer obravnavam celostno \u2014 pravno, poslovno in organizacijsko.<\/span><\/p>\n<p><span><strong>Neodvisno.<\/strong> Odlo\u010dam objektivno, eti\u010dno in brez kompromisov glede integritete.<\/span><\/p>\n<p><span><strong>Odgovorno.<\/strong> Stojim za svojimi nasveti in za svojimi strankami.<\/span><\/p>\n<p><strong>U\u010dinkovito.<\/strong> I\u0161\u010dem re\u0161itve, ki so pravno varne in hkrati prakti\u010dne.<\/p>\n<p>&nbsp;<\/p>\n<p>[\/et_pb_blurb][\/et_pb_column][et_pb_column type=&#8221;1_2&#8243; _builder_version=&#8221;4.17.3&#8243; _module_preset=&#8221;default&#8221; global_colors_info=&#8221;{}&#8221;][et_pb_blurb title=&#8221;Moje vrednote&#8221; use_icon=&#8221;on&#8221; font_icon=&#8221;&#x52;||divi||400&#8243; icon_placement=&#8221;left&#8221; content_max_width=&#8221;1100px&#8221; _builder_version=&#8221;4.27.6&#8243; _module_preset=&#8221;default&#8221; header_font=&#8221;Vidaloka||on||||||&#8221; header_font_size=&#8221;22px&#8221; header_line_height=&#8221;1.4em&#8221; body_font_size=&#8221;18px&#8221; body_line_height=&#8221;1.6em&#8221; text_orientation=&#8221;justified&#8221; custom_margin=&#8221;||33px|||&#8221; body_font_size_tablet=&#8221;18px&#8221; body_font_size_phone=&#8221;16px&#8221; body_font_size_last_edited=&#8221;on|phone&#8221; global_colors_info=&#8221;{}&#8221;]<\/p>\n<p><span><strong>Integriteta<\/strong> Temelj vsakega pravnega odnosa in vsakega zaupanja.<\/span><\/p>\n<p><span><strong>Strokovnost<\/strong> Natan\u010dnost, premi\u0161ljenost in poglobljeno pravno znanje.<\/span><\/p>\n<p><span><strong>Spo\u0161tovanje<\/strong> Razumevanje potreb strank in odgovornost do njihovega polo\u017eaja.<\/span><\/p>\n<p><span><strong>Transparentnost<\/strong> Jasna komunikacija in preglednost pri vsakem koraku.<\/span><\/p>\n<p><span><strong>Odgovornost<\/strong> Zanesljivost in profesionalnost v vseh fazah sodelovanja<\/span><\/p>\n<p>[\/et_pb_blurb][et_pb_blurb title=&#8221;Kompetence za nadzorne svete&#8221; use_icon=&#8221;on&#8221; font_icon=&#8221;&#x52;||divi||400&#8243; icon_placement=&#8221;left&#8221; content_max_width=&#8221;1100px&#8221; disabled_on=&#8221;off|off|off&#8221; _builder_version=&#8221;4.27.6&#8243; _module_preset=&#8221;default&#8221; header_font=&#8221;Vidaloka||on||||||&#8221; header_font_size=&#8221;22px&#8221; header_line_height=&#8221;1.4em&#8221; body_font_size=&#8221;18px&#8221; body_line_height=&#8221;1.6em&#8221; text_orientation=&#8221;justified&#8221; min_height=&#8221;312px&#8221; height=&#8221;100px&#8221; custom_margin=&#8221;11px||2px|-8px|false|false&#8221; custom_padding=&#8221;16px||28px|0px||&#8221; body_font_size_tablet=&#8221;18px&#8221; body_font_size_phone=&#8221;16px&#8221; body_font_size_last_edited=&#8221;on|phone&#8221; global_colors_info=&#8221;{}&#8221;]<\/p>\n<ul>\n<li><span>ve\u010d kot deset let izku\u0161enj na podro\u010dju gospodarskega (korporativnega) prava,<\/span><\/li>\n<li><span>predsednica nadzornega sveta Veterinarske postaje Ljubljana d.o.o.,<\/span><\/li>\n<li><span>certifikat ZNS za \u010dlane nadzornih svetov<\/span><\/li>\n<li><span>izku\u0161nje s skladnostjo poslovanja, notranjimi akti in upravljanjem tveganj<\/span><\/li>\n<li><span>poznavanje delovnopravnih sistemov in organizacijskih struktur,<\/span><\/li>\n<li><span>sposobnost strate\u0161kega, neodvisnega in eti\u010dnega odlo\u010danja,<\/span><\/li>\n<li><span>izku\u0161nje s statusnimi preoblikovanji in pravno podporo pri investicijskih projektih,&#8230;<\/span><\/li>\n<\/ul>\n<p>&nbsp;<\/p>\n<p>[\/et_pb_blurb][et_pb_blurb title=&#8221;Moja filozofija&#8221; use_icon=&#8221;on&#8221; font_icon=&#8221;&#x52;||divi||400&#8243; icon_placement=&#8221;left&#8221; content_max_width=&#8221;1100px&#8221; _builder_version=&#8221;4.27.6&#8243; _module_preset=&#8221;default&#8221; header_font=&#8221;Vidaloka||on||||||&#8221; header_font_size=&#8221;22px&#8221; header_line_height=&#8221;1.4em&#8221; body_font_size=&#8221;18px&#8221; body_line_height=&#8221;1.6em&#8221; text_orientation=&#8221;justified&#8221; min_height=&#8221;9px&#8221; height=&#8221;100px&#8221; max_height=&#8221;100px&#8221; custom_margin=&#8221;102px||-22px|||&#8221; custom_padding=&#8221;2px||208px|||&#8221; body_font_size_tablet=&#8221;18px&#8221; body_font_size_phone=&#8221;16px&#8221; body_font_size_last_edited=&#8221;on|phone&#8221; global_colors_info=&#8221;{}&#8221;]Pravo mora biti jasno, razumljivo in uporabno.<br \/>\nOdvetnik mora biti strokovnjak, a tudi partner pri odlo\u010danju.<br \/>\nRe\u0161itve morajo biti pravno varne, a hkrati \u017eivljenjske.<br \/>\nIntegriteta ni dodatek \u2014 je osnova.[\/et_pb_blurb][\/et_pb_column][\/et_pb_row][\/et_pb_section][et_pb_section fb_built=&#8221;1&#8243; custom_padding_last_edited=&#8221;on|phone&#8221; _builder_version=&#8221;4.17.3&#8243; _module_preset=&#8221;default&#8221; custom_padding=&#8221;5%||7%||false|false&#8221; custom_padding_tablet=&#8221;||5%||false|false&#8221; custom_padding_phone=&#8221;||5%||false|false&#8221; global_colors_info=&#8221;{}&#8221;][\/et_pb_section]<\/p>\n","protected":false},"excerpt":{"rendered":"<p>O meni. Kot odvetnica in predsednica nadzornega sveta gospodarske dru\u017ebe zdru\u017eujem pravno strokovnost, razumevanje organizacijskih in poslovnih procesov ter strate\u0161ko upravljavsko perspektivo v celovite re\u0161itve za gospodarske dru\u017ebe in njihove organe vodenja ter nadzora.Ma\u0161a Bertok \u017digante. Sem Ma\u0161a Bertok \u017digante, odvetnica, specializirana za delovno in gospodarsko (korporativno) pravo ter predsednica nadzornega sveta dru\u017ebe Veterinarska postaja [&hellip;]<\/p>\n","protected":false},"author":1,"featured_media":0,"parent":0,"menu_order":0,"comment_status":"closed","ping_status":"closed","template":"","meta":{"_et_pb_use_builder":"on","_et_pb_old_content":"","_et_gb_content_width":"","footnotes":""},"class_list":["post-200","page","type-page","status-publish","hentry"],"_links":{"self":[{"href":"https:\/\/op-bertok.si\/index.php?rest_route=\/wp\/v2\/pages\/200","targetHints":{"allow":["GET"]}}],"collection":[{"href":"https:\/\/op-bertok.si\/index.php?rest_route=\/wp\/v2\/pages"}],"about":[{"href":"https:\/\/op-bertok.si\/index.php?rest_route=\/wp\/v2\/types\/page"}],"author":[{"embeddable":true,"href":"https:\/\/op-bertok.si\/index.php?rest_route=\/wp\/v2\/users\/1"}],"replies":[{"embeddable":true,"href":"https:\/\/op-bertok.si\/index.php?rest_route=%2Fwp%2Fv2%2Fcomments&post=200"}],"version-history":[{"count":10,"href":"https:\/\/op-bertok.si\/index.php?rest_route=\/wp\/v2\/pages\/200\/revisions"}],"predecessor-version":[{"id":233,"href":"https:\/\/op-bertok.si\/index.php?rest_route=\/wp\/v2\/pages\/200\/revisions\/233"}],"wp:attachment":[{"href":"https:\/\/op-bertok.si\/index.php?rest_route=%2Fwp%2Fv2%2Fmedia&parent=200"}],"curies":[{"name":"wp","href":"https:\/\/api.w.org\/{rel}","templated":true}]}}